{"id":41,"date":"2020-04-09T13:44:11","date_gmt":"2020-04-09T13:44:11","guid":{"rendered":"https:\/\/audioprocess.com\/?page_id=41"},"modified":"2025-02-01T10:41:42","modified_gmt":"2025-02-01T10:41:42","slug":"contact","status":"publish","type":"page","link":"https:\/\/audioprocess.com\/index.php\/contact\/","title":{"rendered":"Contact"},"content":{"rendered":"\n<p>Christian Ulbrich<br>sound design<br>10115 Berlin<br>+49 30 39101790<br>Mail: chris-at-audioprocess.com<br><br>Haftungshinweis: Trotz sorgf\u00e4ltiger inhaltlicher Kontrolle \u00fcbernehme ich keine Haftung f\u00fcr die Inhalte externer Links. F\u00fcr den Inhalt der verlinkten Seiten sind ausschlie\u00dflich deren Betreiber verantwortlich.<br><br>Gerichtsstand: Berlin Mitte<br>Alle Fotos: Christian Ulbrich<\/p>\n\n\n\n<figure class=\"wp-block-image alignleft size-large\"><img loading=\"lazy\" decoding=\"async\" width=\"300\" height=\"337\" src=\"https:\/\/audioprocess.com\/wp-content\/uploads\/2025\/01\/Passport-2.jpg\" alt=\"\" class=\"wp-image-543\" srcset=\"https:\/\/audioprocess.com\/wp-content\/uploads\/2025\/01\/Passport-2.jpg 300w, https:\/\/audioprocess.com\/wp-content\/uploads\/2025\/01\/Passport-2-267x300.jpg 267w\" sizes=\"auto, (max-width: 300px) 100vw, 300px\" \/><\/figure>\n","protected":false},"excerpt":{"rendered":"<p>Christian Ulbrichsound design10115 Berlin+49 30 39101790Mail: chris-at-audioprocess.com Haftungshinweis: Trotz sorgf\u00e4ltiger inhaltlicher Kontrolle \u00fcbernehme ich keine Haftung f\u00fcr die Inhalte externer Links. F\u00fcr den Inhalt der verlinkten Seiten sind ausschlie\u00dflich deren Betreiber verantwortlich. Gerichtsstand: Berlin MitteAlle Fotos: Christian Ulbrich<\/p>\n","protected":false},"author":1,"featured_media":0,"parent":0,"menu_order":0,"comment_status":"closed","ping_status":"closed","template":"","meta":{"ngg_post_thumbnail":0,"footnotes":""},"class_list":["post-41","page","type-page","status-publish","hentry"],"_links":{"self":[{"href":"https:\/\/audioprocess.com\/index.php\/wp-json\/wp\/v2\/pages\/41","targetHints":{"allow":["GET"]}}],"collection":[{"href":"https:\/\/audioprocess.com\/index.php\/wp-json\/wp\/v2\/pages"}],"about":[{"href":"https:\/\/audioprocess.com\/index.php\/wp-json\/wp\/v2\/types\/page"}],"author":[{"embeddable":true,"href":"https:\/\/audioprocess.com\/index.php\/wp-json\/wp\/v2\/users\/1"}],"replies":[{"embeddable":true,"href":"https:\/\/audioprocess.com\/index.php\/wp-json\/wp\/v2\/comments?post=41"}],"version-history":[{"count":11,"href":"https:\/\/audioprocess.com\/index.php\/wp-json\/wp\/v2\/pages\/41\/revisions"}],"predecessor-version":[{"id":589,"href":"https:\/\/audioprocess.com\/index.php\/wp-json\/wp\/v2\/pages\/41\/revisions\/589"}],"wp:attachment":[{"href":"https:\/\/audioprocess.com\/index.php\/wp-json\/wp\/v2\/media?parent=41"}],"curies":[{"name":"wp","href":"https:\/\/api.w.org\/{rel}","templated":true}]}}